{"id":160,"date":"2024-09-02T08:23:47","date_gmt":"2024-09-02T06:23:47","guid":{"rendered":"https:\/\/new.lufttechnik-schalm.de\/?page_id=160"},"modified":"2025-02-04T14:47:22","modified_gmt":"2025-02-04T13:47:22","slug":"impressum","status":"publish","type":"page","link":"https:\/\/www.lufttechnik-schalm.de\/index.php\/impressum\/","title":{"rendered":"Impressum"},"content":{"rendered":"<div id=\"pl-160\"  class=\"panel-layout\" ><div id=\"pg-160-0\"  class=\"panel-grid panel-no-style\" ><div id=\"pgc-160-0-0\"  class=\"panel-grid-cell\" ><div id=\"panel-160-0-0-0\" class=\"so-panel widget widget_sow-editor panel-first-child panel-last-child\" data-index=\"0\" ><div\n\t\t\t\n\t\t\tclass=\"so-widget-sow-editor so-widget-sow-editor-base\"\n\t\t\t\n\t\t>\n<div class=\"siteorigin-widget-tinymce textwidget\">\n\t<p>Lufttechnik Schalm GmbH!<br \/>\nHeimerstr. 65<br \/>\n41748 Viersen<\/p>\n<p>Telefon: 02162\/91810300<br \/>\nTelefax: 02162\/91810399<br \/>\nE-Mail: <a href=\"mailto:info@lufttechnik-schalm.de\">info@lufttechnik-schalm.de<\/a><\/p>\n<p><strong>Vertreten durch:<\/strong><br \/>\nGesch\u00e4ftsf\u00fchrerin Sultan May<br \/>\nGesch\u00e4ftsf\u00fchrer Nick Zippel<\/p>\n<p><strong>Registereintrag:<\/strong><br \/>\nEingetragen im Handelsregister.<br \/>\nRegistergericht: Amtsgericht M\u00f6nchengladbach<br \/>\nRegisternummer: HRB 14695<\/p>\n<\/div>\n<\/div><\/div><\/div><div id=\"pgc-160-0-1\"  class=\"panel-grid-cell\" ><div id=\"panel-160-0-1-0\" class=\"so-panel widget widget_sow-editor panel-first-child panel-last-child\" data-index=\"1\" ><div\n\t\t\t\n\t\t\tclass=\"so-widget-sow-editor so-widget-sow-editor-base\"\n\t\t\t\n\t\t>\n<div class=\"siteorigin-widget-tinymce textwidget\">\n\t<p><strong>Umsatzsteuer-ID:<\/strong><br \/>\nUmsatzsteuer-Identifikationsnummer nach \u00a727a Umsatzsteuergesetz:<br \/>\nDE280684480<\/p>\n<p>Berufsbezeichnung: L\u00fcftung<br \/>\nKammer: Handwerkskammer D\u00fcsseldorf<br \/>\nBerufsbezeichnung verliehen im Land: NRW<\/p>\n<p><strong>Berufshaftpflichtversicherung:<\/strong> VHV Versicherung<\/p>\n<p>Quelle: <a href=\"https:\/\/www.juraforum.de\/impressum-generator\/\" target=\"_blank\" rel=\"noopener\">Impressum Vorlage von JuraForum.de<\/a><\/p>\n<\/div>\n<\/div><\/div><\/div><\/div><div id=\"pg-160-1\"  class=\"panel-grid panel-no-style\" ><div id=\"pgc-160-1-0\"  class=\"panel-grid-cell\" ><div id=\"panel-160-1-0-0\" class=\"so-panel widget widget_sow-editor panel-first-child panel-last-child\" data-index=\"2\" ><div\n\t\t\t\n\t\t\tclass=\"so-widget-sow-editor so-widget-sow-editor-base\"\n\t\t\t\n\t\t>\n<div class=\"siteorigin-widget-tinymce textwidget\">\n\t<h2>Haftungsausschluss<\/h2>\n<h3 class=\"smallprint\">1. Inhalt des Onlineangebotes<\/h3>\n<p class=\"smallprint\">Der Autor \u00fcbernimmt keinerlei Gew\u00e4hr f\u00fcr die Aktualit\u00e4t, Korrektheit, Vollst\u00e4ndigkeit oder Qualit\u00e4t der bereitgestellten Informationen. Haftungsanspr\u00fcche gegen den Autor, welche sich auf Sch\u00e4den materieller oder ideeller Art beziehen, die durch die Nutzung oder Nichtnutzung der dargebotenen Informationen bzw. durch die Nutzung fehlerhafter und unvollst\u00e4ndiger Informationen verursacht wurden, sind grunds\u00e4tzlich ausgeschlossen, sofern seitens des Autors kein nachweislich vors\u00e4tzliches oder grob fahrl\u00e4ssiges Verschulden vorliegt.<br \/>\nAlle Angebote sind freibleibend und unverbindlich. Der Autor beh\u00e4lt es sich ausdr\u00fccklich vor, Teile der Seiten oder das gesamte Angebot ohne gesonderte Ank\u00fcndigung zu ver\u00e4ndern, zu erg\u00e4nzen, zu l\u00f6schen oder die Ver\u00f6ffentlichung zeitweise oder endg\u00fcltig einzustellen.<\/p>\n<h3 class=\"smallprint\">2. Verweise und Links<\/h3>\n<p class=\"smallprint\">Bei direkten oder indirekten Verweisen auf fremde Webseiten (\u201eHyperlinks\u201c), die au\u00dferhalb des Verantwortungsbereiches des Autors liegen, w\u00fcrde eine Haftungsverpflichtung ausschlie\u00dflich in dem Fall in Kraft treten, in dem der Autor von den Inhalten Kenntnis hat und es ihm technisch m\u00f6glich und zumutbar w\u00e4re, die Nutzung im Falle rechtswidriger Inhalte zu verhindern.<br \/>\nDer Autor erkl\u00e4rt hiermit ausdr\u00fccklich, dass zum Zeitpunkt der Linksetzung keine illegalen Inhalte auf den zu verlinkenden Seiten erkennbar waren. Auf die aktuelle und zuk\u00fcnftige Gestaltung, die Inhalte oder die Urheberschaft der verlinkten\/verkn\u00fcpften Seiten hat der Autor keinerlei Einfluss. Deshalb distanziert er sich hiermit ausdr\u00fccklich von allen Inhalten aller verlinkten \/verkn\u00fcpften Seiten, die nach der Linksetzung ver\u00e4ndert wurden. Diese Feststellung gilt f\u00fcr alle innerhalb des eigenen Internetangebotes gesetzten Links und Verweise sowie f\u00fcr Fremdeintr\u00e4ge in vom Autor eingerichteten G\u00e4steb\u00fcchern, Diskussionsforen, Linkverzeichnissen, Mailinglisten und in allen anderen Formen von Datenbanken, auf deren Inhalt externe Schreibzugriffe m\u00f6glich sind. F\u00fcr illegale, fehlerhafte oder unvollst\u00e4ndige Inhalte und insbesondere f\u00fcr Sch\u00e4den, die aus der Nutzung oder Nichtnutzung solcherart dargebotener Informationen entstehen, haftet allein der Anbieter der Seite, auf welche verwiesen wurde, nicht derjenige, der \u00fcber Links auf die jeweilige Ver\u00f6ffentlichung lediglich verweist.<\/p>\n<h3 class=\"smallprint\">3. Urheber- und Kennzeichenrecht<\/h3>\n<p class=\"smallprint\">Der Autor ist bestrebt, in allen Publikationen die Urheberrechte der verwendeten Bilder, Grafiken, Tondokumente, Videosequenzen und Texte zu beachten, von ihm selbst erstellte Bilder, Grafiken, Tondokumente, Videosequenzen und Texte zu nutzen oder auf lizenzfreie Grafiken, Tondokumente, Videosequenzen und Texte zur\u00fcckzugreifen.<br \/>\nAlle innerhalb des Internetangebotes genannten und ggf. durch Dritte gesch\u00fctzten Marken- und Warenzeichen unterliegen uneingeschr\u00e4nkt den Bestimmungen des jeweils g\u00fcltigen Kennzeichenrechts und den Besitzrechten der jeweiligen eingetragenen Eigent\u00fcmer. Allein aufgrund der blo\u00dfen Nennung ist nicht der Schluss zu ziehen, dass Markenzeichen nicht durch Rechte Dritter gesch\u00fctzt sind!<br \/>\nDas Copyright f\u00fcr ver\u00f6ffentlichte, vom Autor selbst erstellte Objekte bleibt allein beim Autor der Seiten. Eine Vervielf\u00e4ltigung oder Verwendung solcher Grafiken, Tondokumente, Videosequenzen und Texte in anderen elektronischen oder gedruckten Publikationen ist ohne ausdr\u00fcckliche Zustimmung des Autors nicht gestattet.<\/p>\n<h3 class=\"smallprint\">4. Rechtswirksamkeit dieses Haftungsausschlusses<\/h3>\n<p class=\"smallprint\">Dieser Haftungsausschluss ist als Teil des Internetangebotes zu betrachten, von dem aus auf diese Seite verwiesen wurde. Sofern Teile oder einzelne Formulierungen dieses Textes der geltenden Rechtslage nicht, nicht mehr oder nicht vollst\u00e4ndig entsprechen sollten, bleiben die \u00fcbrigen Teile des Dokumentes in ihrem Inhalt und ihrer G\u00fcltigkeit davon unber\u00fchrt.<\/p>\n<h2>Datenschutz<\/h2>\n<p><b>An dieser Stelle m\u00f6chten wir Ihnen aufzeigen, was mit Ihren personenbezogenen Daten geschieht und welche Sicherheitsma\u00dfnahmen zu ihrem Schutz unsererseits getroffen werden. Au\u00dferdem werden Sie informiert \u00fcber Ihre gesetzlich festgelegten Rechte im Zusammenhang mit der Verarbeitung dieser Daten.<\/b><\/p>\n<p>Beim Besuch unserer Web-Seiten ben\u00f6tigen wir in der Regel keine pers\u00f6nlichen Daten von Ihnen. Lediglich Informationen \u00fcber den Namen Ihres Internet Service Providers und \u00fcber die Webseiten, die Sie bei uns aufrufen, nehmen wir zur Kenntnis. Dabei bleiben Sie als Internet-Nutzer jedoch anonym, da wir diese Informationen nur zu statistischen Zwecken auswerten (z.B. Anzahl der Aufrufe f\u00fcr die einzelnen Web-Seiten). Beim Besuch unserer Web-Seite setzen wir keine \u201eCookies\u201c ein.<\/p>\n<p>Pers\u00f6nliche Daten werden nur dann erhoben, wenn Sie uns diese von sich aus angeben. Es besteht nat\u00fcrlich auch die M\u00f6glichkeit alternative Kommunikationswege zu nutzen (z.B. Briefpost oder Fax). Personenbezogene Daten sind z.B. Anschriften, Telefonnummern, E-Mailadressen.<\/p>\n<p>Daten f\u00fcr Beratungs-, Werbe- oder Marktforschungszwecke werden wir nur dann erheben, verarbeiten oder nutzen, wenn Sie uns vorher die Einwilligung dazu gegeben haben. Eine einmal gegebene Einwilligung k\u00f6nnen Sie nat\u00fcrlich jederzeit widerrufen. Von Kindern und Jugendlichen unter 18 Jahren erheben wir grunds\u00e4tzlich keine Daten. Sollten Kinder oder Jugendliche personenbezogene Daten an uns \u00fcbermitteln wollen, sollte dies immer mit Zustimmung der Eltern erfolgen.<\/p>\n<p>Alle personenbezogenen Daten, die wir im Zuge der Nutzung unserer Web-Seite von Ihnen erfahren, werden wir nur zu dem jeweils angegebenen Zweck erheben, verarbeiten und nutzen. Dies geschieht nur im Rahmen der jeweils geltenden Rechtsvorschriften bzw. nur mit Ihrer Einwilligung. Eine Weitergabe oder Verkauf solcher Daten an Dritte schlie\u00dfen wir ausdr\u00fccklich aus.<\/p>\n<p>Unsere Web-Seite enth\u00e4lt auch Links auf die Internet-Auftritte Dritter. F\u00fcr die Inhalte und die Datenschutz-\/Sicherheitskonzeption dieser Web-Seiten \u00fcbernehmen wir jedoch keinerlei Verantwortung.<\/p>\n<p>Um die bei uns gespeicherten Daten unserer Mitarbeiter \/ Kunden \/ Lieferanten zu sch\u00fctzen, haben wir entsprechende technische und organisatorische Ma\u00dfnahmen getroffen. Wir werden unsere Ma\u00dfnahmen zur Sicherheit und zum Datenschutz immer dann ver\u00e4ndern oder anpassen, wenn dies wegen technischer oder rechtlicher Vorgaben notwendig wird.<\/p>\n<p>Sollten Sie weitere Fragen haben, k\u00f6nnen Sie sich auch direkt an uns wenden:<\/p>\n<p><b>Lufttechnik Schalm GmbH<\/b><br \/>\nSultan May<\/p>\n<p>Heimerstr. 65<br \/>\n41748 Viersen<br \/>\nDeutschland<\/p>\n<p>Tel: +49 2162 91810-300<br \/>\nFax: +49 2162 91810-399<br \/>\n<a href=\"mailto:info@lufttechnik-schalm.de\">info@lufttechnik-schalm.de<\/a><\/p>\n<h2>Datenschutzerkl\u00e4rung f\u00fcr die Nutzung von Facebook-Plugins (Like-Button)<\/h2>\n<p>Auf unseren Seiten sind Plugins des sozialen Netzwerks Facebook, 1601 South California Avenue, Palo Alto, CA 94304, USA integriert. Die Facebook-Plugins erkennen Sie an dem Facebook-Logo oder dem \u201eLike-Button\u201c (\u201eGef\u00e4llt mir\u201c) auf unserer Seite. Eine \u00dcbersicht \u00fcber die Facebook-Plugins finden Sie hier: <a href=\"http:\/\/developers.facebook.com\/docs\/plugins\/\" target=\"_blank\" rel=\"noopener\">http:\/\/developers.facebook.com\/docs\/plugins\/<\/a>.<br \/>\nWenn Sie unsere Seiten besuchen, wird \u00fcber das Plugin eine direkte Verbindung zwischen Ihrem Browser und dem Facebook-Server hergestellt. Facebook erh\u00e4lt dadurch die Information, dass Sie mit Ihrer IP-Adresse unsere Seite besucht haben. Wenn Sie den Facebook \u201eLike-Button\u201c anklicken w\u00e4hrend Sie in Ihrem Facebook-Account eingeloggt sind, k\u00f6nnen Sie die Inhalte unserer Seiten auf Ihrem Facebook-Profil verlinken. Dadurch kann Facebook den Besuch unserer Seiten Ihrem Benutzerkonto zuordnen. Wir weisen darauf hin, dass wir als Anbieter der Seiten keine Kenntnis vom Inhalt der \u00fcbermittelten Daten sowie deren Nutzung durch Facebook erhalten. Weitere Informationen hierzu finden Sie in der Datenschutzerkl\u00e4rung von facebook unter <a href=\"http:\/\/de-de.facebook.com\/policy.php\" target=\"_blank\" rel=\"noopener\">http:\/\/de-de.facebook.com\/policy.php<\/a><\/p>\n<p>Wenn Sie nicht w\u00fcnschen, dass Facebook den Besuch unserer Seiten Ihrem Facebook-Nutzerkonto zuordnen kann, loggen Sie sich bitte aus Ihrem Facebook-Benutzerkonto aus. Wenn Sie nicht w\u00fcnschen, dass Facebook den Besuch unserer Seiten Ihrem Facebook-Nutzerkonto zuordnen kann, loggen Sie sich bitte aus Ihrem Facebook-Benutzerkonto aus.<\/p>\n<h2>Datenschutzerkl\u00e4rung f\u00fcr die Nutzung von Gooogle Analytics<\/h2>\n<p>Diese Website benutzt Google Analytics, einen Webanalysedienst der Google Inc. (\u201eGoogle\u201c). Google Analytics verwendet sog. \u201eCookies\u201c, Textdateien, die auf Ihrem Computer gespeichert werden und die eine Analyse der Benutzung der Website durch Sie erm\u00f6glicht. Die durch den Cookie erzeugten Informationen \u00fcber Ihre Benutzung diese Website (einschlie\u00dflich Ihrer IP-Adresse) wird an einen Server von Google in den USA \u00fcbertragen und dort gespeichert.<\/p>\n<p>Google wird diese Informationen benutzen, um Ihre Nutzung der Website auszuwerten, um Reports \u00fcber die Websiteaktivit\u00e4ten f\u00fcr die Websitebetreiber zusammenzustellen und um weitere mit der Websitenutzung und der Internetnutzung verbundene Dienstleistungen zu erbringen. Auch wird Google diese Informationen gegebenenfalls an Dritte \u00fcbertragen, sofern dies gesetzlich vorgeschrieben oder soweit Dritte diese Daten im Auftrag von Google verarbeiten. Google wird in keinem Fall Ihre IP-Adresse mit anderen Daten der Google in Verbindung bringen.<\/p>\n<p>Sie k\u00f6nnen die Installation der Cookies durch eine entsprechende Einstellung Ihrer Browser Software verhindern; wir weisen Sie jedoch darauf hin, dass Sie in diesem Fall gegebenenfalls nicht s\u00e4mtliche Funktionen dieser Website voll umf\u00e4nglich nutzen k\u00f6nnen. Durch die Nutzung dieser Website erkl\u00e4ren Sie sich mit der Bearbeitung der \u00fcber Sie erhobenen Daten durch Google in der zuvor beschriebenen Art und Weise und zu dem zuvor benannten Zweck einverstanden.<\/p>\n<h2>Datenschutzerkl\u00e4rung f\u00fcr die Nutzung von Gooogle Adsense<\/h2>\n<p>Diese Website benutzt Google AdSense, einen Dienst zum Einbinden von Werbeanzeigen der Google Inc. (\u201eGoogle\u201c). Google AdSense verwendet sog. \u201eCookies\u201c, Textdateien, die auf Ihrem Computer gespeichert werden und die eine Analyse der Benutzung der Website erm\u00f6glicht. Google AdSense verwendet auch so genannte Web Beacons (unsichtbare Grafiken). Durch diese Web Beacons k\u00f6nnen Informationen wie der Besucherverkehr auf diesen Seiten ausgewertet werden.<\/p>\n<p>Die durch Cookies und Web Beacons erzeugten Informationen \u00fcber die Benutzung dieser Website (einschlie\u00dflich Ihrer IP-Adresse) und Auslieferung von Werbeformaten werden an einen Server von Google in den USA \u00fcbertragen und dort gespeichert. Diese Informationen k\u00f6nnen von Google an Vertragspartner von Google weiter gegeben werden. Google wird Ihre IP-Adresse jedoch nicht mit anderen von Ihnen gespeicherten Daten zusammenf\u00fchren.<\/p>\n<p>Sie k\u00f6nnen die Installation der Cookies durch eine entsprechende Einstellung Ihrer Browser Software verhindern; wir weisen Sie jedoch darauf hin, dass Sie in diesem Fall gegebenenfalls nicht s\u00e4mtliche Funktionen dieser Website voll umf\u00e4nglich nutzen k\u00f6nnen. Durch die Nutzung dieser Website erkl\u00e4ren Sie sich mit der Bearbeitung der \u00fcber Sie erhobenen Daten durch Google in der zuvor beschriebenen Art und Weise und zu dem zuvor benannten Zweck einverstanden.<\/p>\n<\/div>\n<\/div><\/div><\/div><\/div><\/div>","protected":false},"excerpt":{"rendered":"<p>Lufttechnik Schalm GmbH! Heimerstr. 65 41748 Viersen Telefon: 02162\/91810300 Telefax: 02162\/91810399 E-Mail: info@lufttechnik-schalm.de Vertreten durch: Gesch\u00e4ftsf\u00fchrerin Sultan May Gesch\u00e4ftsf\u00fchrer Nick [&hellip;]<\/p>\n","protected":false},"author":1,"featured_media":0,"parent":0,"menu_order":0,"comment_status":"closed","ping_status":"open","template":"","meta":{"site-sidebar-layout":"default","site-content-layout":"","ast-site-content-layout":"default","site-content-style":"default","site-sidebar-style":"default","ast-global-header-display":"","ast-banner-title-visibility":"","ast-main-header-display":"","ast-hfb-above-header-display":"","ast-hfb-below-header-display":"","ast-hfb-mobile-header-display":"","site-post-title":"","ast-breadcrumbs-content":"","ast-featured-img":"","footer-sml-layout":"","ast-disable-related-posts":"","theme-transparent-header-meta":"","adv-header-id-meta":"","stick-header-meta":"","header-above-stick-meta":"","header-main-stick-meta":"","header-below-stick-meta":"","astra-migrate-meta-layouts":"default","ast-page-background-enabled":"default","ast-page-background-meta":{"desktop":{"background-color":"var(--ast-global-color-5)","background-image":"","background-repeat":"repeat","background-position":"center center","background-size":"auto","background-attachment":"scroll","background-type":"","background-media":"","overlay-type":"","overlay-color":"","overlay-opacity":"","overlay-gradient":""},"tablet":{"background-color":"","background-image":"","background-repeat":"repeat","background-position":"center center","background-size":"auto","background-attachment":"scroll","background-type":"","background-media":"","overlay-type":"","overlay-color":"","overlay-opacity":"","overlay-gradient":""},"mobile":{"background-color":"","background-image":"","background-repeat":"repeat","background-position":"center center","background-size":"auto","background-attachment":"scroll","background-type":"","background-media":"","overlay-type":"","overlay-color":"","overlay-opacity":"","overlay-gradient":""}},"ast-content-background-meta":{"desktop":{"background-color":"var(--ast-global-color-4)","background-image":"","background-repeat":"repeat","background-position":"center center","background-size":"auto","background-attachment":"scroll","background-type":"","background-media":"","overlay-type":"","overlay-color":"","overlay-opacity":"","overlay-gradient":""},"tablet":{"background-color":"var(--ast-global-color-4)","background-image":"","background-repeat":"repeat","background-position":"center center","background-size":"auto","background-attachment":"scroll","background-type":"","background-media":"","overlay-type":"","overlay-color":"","overlay-opacity":"","overlay-gradient":""},"mobile":{"background-color":"var(--ast-global-color-4)","background-image":"","background-repeat":"repeat","background-position":"center center","background-size":"auto","background-attachment":"scroll","background-type":"","background-media":"","overlay-type":"","overlay-color":"","overlay-opacity":"","overlay-gradient":""}},"footnotes":""},"class_list":["post-160","page","type-page","status-publish","hentry"],"_links":{"self":[{"href":"https:\/\/www.lufttechnik-schalm.de\/index.php\/wp-json\/wp\/v2\/pages\/160","targetHints":{"allow":["GET"]}}],"collection":[{"href":"https:\/\/www.lufttechnik-schalm.de\/index.php\/wp-json\/wp\/v2\/pages"}],"about":[{"href":"https:\/\/www.lufttechnik-schalm.de\/index.php\/wp-json\/wp\/v2\/types\/page"}],"author":[{"embeddable":true,"href":"https:\/\/www.lufttechnik-schalm.de\/index.php\/wp-json\/wp\/v2\/users\/1"}],"replies":[{"embeddable":true,"href":"https:\/\/www.lufttechnik-schalm.de\/index.php\/wp-json\/wp\/v2\/comments?post=160"}],"version-history":[{"count":5,"href":"https:\/\/www.lufttechnik-schalm.de\/index.php\/wp-json\/wp\/v2\/pages\/160\/revisions"}],"predecessor-version":[{"id":7865,"href":"https:\/\/www.lufttechnik-schalm.de\/index.php\/wp-json\/wp\/v2\/pages\/160\/revisions\/7865"}],"wp:attachment":[{"href":"https:\/\/www.lufttechnik-schalm.de\/index.php\/wp-json\/wp\/v2\/media?parent=160"}],"curies":[{"name":"wp","href":"https:\/\/api.w.org\/{rel}","templated":true}]}}